{"id":5294,"date":"2019-10-01T11:41:24","date_gmt":"2019-10-01T11:41:24","guid":{"rendered":"https:\/\/www.glokal.org\/wevoice-for-resistant-alternatives-to-the-development-myth\/"},"modified":"2019-10-01T11:41:24","modified_gmt":"2019-10-01T11:41:24","slug":"wevoice-for-resistant-alternatives-to-the-development-myth","status":"publish","type":"page","link":"https:\/\/www.glokal.org\/en\/wevoice-for-resistant-alternatives-to-the-development-myth\/","title":{"rendered":"WeVoice! For resistant alternatives to the development myth"},"content":{"rendered":"<p><img loading=\"lazy\" decoding=\"async\" class=\"alignnone size-medium wp-image-4075\" src=\"https:\/\/www.glokal.org\/wp-content\/uploads\/2019\/10\/WEBSEITE_Bild-1-300x136.jpg\" alt=\"\" width=\"300\" height=\"136\" srcset=\"https:\/\/www.glokal.org\/wp-content\/uploads\/2019\/10\/WEBSEITE_Bild-1-300x136.jpg 300w, https:\/\/www.glokal.org\/wp-content\/uploads\/2019\/10\/WEBSEITE_Bild-1-624x283.jpg 624w, https:\/\/www.glokal.org\/wp-content\/uploads\/2019\/10\/WEBSEITE_Bild-1.jpg 640w\" sizes=\"auto, (max-width: 300px) 100vw, 300px\" \/><\/p>\n<p>The decolonial exhibition &#8220;WirStimmen! For Resistant Alternatives to the Development Myth&#8221; was shown for the first time from November 1-28, 2019 at the August-Bebel-Institut in Berlin-Wedding<a href=\"https:\/\/goo.gl\/maps\/RsysMpAXXAbNsbc56\">(M\u00fcllerstra\u00dfe 163, 13353 Berlin<\/a>).<\/p>\n<p>The aim of the exhibition is to show the intertwining of historically grown, postcolonial power and domination relations, as well as to present networks and actors of resistance. The focus is on locating histories that have been overwritten, silenced, forgotten, or marginalized (for example, anti-colonial resistance). This is illustrated above all by video and audio material from a total of eight interviews with activists from the Global South and North. Their resistant, creative and empowering strategies as well as other examples of global, social movements should inspire the visitors to reflect and become active themselves. The statements of the activists were divided into 4 focal points at four stations each. The first station MYTH DEVELOPMENT delves into the causes and the ideological foundations of the idea of global development that determines life on our planet. Their effects in the form of exploitation, racism, destruction, domination, and theft of land and soil are illustrated in the second station DEVELOPMENT HERRSCHAFT. Since the beginning of the domination of the &#8220;developed&#8221; people have resisted it. Topic of the third station: RESISTANCE. Not only the resistance against the conditions, but also the dream of a better life on our planet is unbroken. At the fourth station, we learn how LIBERATION can look like and be realized concretely.<\/p>\n<p><strong>Exhibition: <\/strong>November 1 &#8211; November 28, 2019<br \/>\n<strong>Opening hours: <\/strong>Tue-Thu, 2-6pm, on request and on the evening dates 01, 07. November 14 and 28, 2019<\/p>\n<p><strong>Accompanying events:<\/strong><\/p>\n<p><strong>Fri 01 November, 19-21 h | Vernissage<\/strong><br \/>\nAt the opening of the exhibition, some of the activists interviewed for the exhibition will present their perspectives and experiences on development and decolonization. Through concrete examples, we will learn about very different resistant practices. Performer and artist Yili Rojas presents her installation &#8220;K,&#8221; in which she explores the impact of 500 years of colonization.<br \/>\nWith: Do\u011fan Akhanl\u0131 and Lucia Muriel (glokal e.V.), Tahir Della (promoter for decolonization), Yili Rojas (artist), Israel Kaunatjike (B\u00fcndnis V\u00f6lkermord verj\u00e4hrt nicht), <span class=\"st\">Safter \u00c7\u0131nar (trade unionist) and Aki Krishnamurthy (theater and dance educator)<\/span>. <span class=\"st\"><br \/>\n<\/span><\/p>\n<p>REPORT ON THE VERNISSAGE <a href=\"https:\/\/www.glokal.org\/projekte\/connecting-the-dots\/veranstaltungsbericht\/\">HERE<\/a><\/p>\n<p><strong>Thu 07 November, 7pm-2pm | Film screening and discussion<\/strong><br \/>\n&#8220;Namibia: Past. Present. Future&#8221;<br \/>\nMany do not know that the first genocide of the 20th century against the Hereros and Namas was committed by German colonists in Namibia. Filmmaker Nadia Alazaar talks with Israel Kaunatjike about the historical significance of demands for reparations for the genocide of German colonists in Namibia.<br \/>\nWith: Nadja Ofuatey-Alazard (filmmaker) and Israel Kaunatjike (B\u00fcndnis V\u00f6lkermord verj\u00e4hrt nicht), Do\u011fan Akhanl\u0131 (glokal e.V.), Tahir Della (promoter for decolonization).<\/p>\n<p><strong>Thu Nov 14, 7pm-2pm | Discussion<\/strong><br \/>\n&#8220;Who owns the world today? On the human right to mobility&#8221;<br \/>\nThe discussion will focus on migration and flight, self-organization and participation, and initiatives and projects will be presented. The discussion will be moderated by Adam Baher (glokal e.V.), who will present his role play on flight and migration (in cooperation with solar e.V.). The Latin American Women&#8217;s Network (requested) will present their initiative &#8220;Ni una menos&#8221; (Not one less) and Jennifer Kamau from the self-help initiative International Women Space.<\/p>\n<p><strong>Thu 28 Nov, 7pm-2pm | Finissage<\/strong><br \/>\nIn our finissage Fernanda Oliveira de Souza (project manager of &#8220;Dekolonial&#8221; at Allerweltshaus Cologne) sums up the exhibition and the significance of the critical examination of the myth of development. Our interviewee Adelaida Bravo comments with conclusions for daily political action and the connections with the current situation in Bolivia and Latin America. With musical accompaniment by <a href=\"https:\/\/www.rosa-shakur.com\/band\/\">Rosa Shakur<\/a> (vocals\/flute, drums, piano).<\/p>\n<p>The exhibition takes place within the project <a href=\"https:\/\/www.glokal.org\/projekte\/connecting-the-dots\/\">connecting the dots<\/a>! Sponsored by Engagement Global with financial support from the BMZ and from budget funds of the State of Berlin &#8211; Landesstelle f\u00fcr Entwicklungszusammenarbeit.<\/p>\n<p><img loading=\"lazy\" decoding=\"async\" class=\"alignnone wp-image-4070\" src=\"https:\/\/www.glokal.org\/wp-content\/uploads\/2019\/10\/Gef%C3%B6rdert-durch-ENGAGEMENT-GLOBAL-300x135.jpg\" alt=\"\" width=\"122\" height=\"55\">   <img loading=\"lazy\" decoding=\"async\" class=\"alignnone wp-image-4073\" src=\"https:\/\/www.glokal.org\/wp-content\/uploads\/2019\/10\/lo_lez_2017.png-300x73.jpeg\" alt=\"\" width=\"222\" height=\"54\" srcset=\"https:\/\/www.glokal.org\/wp-content\/uploads\/2019\/10\/lo_lez_2017.png-300x73.jpeg 300w, https:\/\/www.glokal.org\/wp-content\/uploads\/2019\/10\/lo_lez_2017.png.jpeg 604w\" sizes=\"auto, (max-width: 222px) 100vw, 222px\" \/><\/p>\n<p>Supported by the promoter for postcolonialism and antiracism Tahir Della in the Berlin Promotor*innenprogramm.<\/p>\n<p><img loading=\"lazy\" decoding=\"async\" class=\"alignnone wp-image-4071\" src=\"https:\/\/www.glokal.org\/wp-content\/uploads\/2019\/10\/Logo_Berlin-entwickeln-300x109.jpeg\" alt=\"\" width=\"162\" height=\"59\" srcset=\"https:\/\/www.glokal.org\/wp-content\/uploads\/2019\/10\/Logo_Berlin-entwickeln-300x109.jpeg 300w, https:\/\/www.glokal.org\/wp-content\/uploads\/2019\/10\/Logo_Berlin-entwickeln-624x226.jpeg 624w, https:\/\/www.glokal.org\/wp-content\/uploads\/2019\/10\/Logo_Berlin-entwickeln.jpeg 641w\" sizes=\"auto, (max-width: 162px) 100vw, 162px\" \/><\/p>\n","protected":false},"excerpt":{"rendered":"<p>The decolonial exhibition &#8220;WirStimmen! For Resistant Alternatives to the Development Myth&#8221; was shown for the first time from November 1-28, 2019 at the August-Bebel-Institut in Berlin-Wedding(M\u00fcllerstra\u00dfe 163, 13353 Berlin). The aim of the exhibition is to show the intertwining of historically grown, postcolonial power and domination relations, as well as to present networks and actors [&hellip;]<\/p>\n","protected":false},"author":101019,"featured_media":0,"parent":0,"menu_order":0,"comment_status":"closed","ping_status":"closed","template":"","meta":{"give_campaign_id":0,"_uag_custom_page_level_css":"","footnotes":""},"class_list":["post-5294","page","type-page","status-publish","hentry"],"campaignId":"","uagb_featured_image_src":{"full":false,"thumbnail":false,"medium":false,"medium_large":false,"large":false,"1536x1536":false,"2048x2048":false,"post-thumbnail":false},"uagb_author_info":{"display_name":"glokal","author_link":"https:\/\/www.glokal.org\/en\/author\/uebermutter\/"},"uagb_comment_info":0,"uagb_excerpt":"The decolonial exhibition &#8220;WirStimmen! For Resistant Alternatives to the Development Myth&#8221; was shown for the first time from November 1-28, 2019 at the August-Bebel-Institut in Berlin-Wedding(M\u00fcllerstra\u00dfe 163, 13353 Berlin). The aim of the exhibition is to show the intertwining of historically grown, postcolonial power and domination relations, as well as to present networks and actors&hellip;","_links":{"self":[{"href":"https:\/\/www.glokal.org\/en\/wp-json\/wp\/v2\/pages\/5294","targetHints":{"allow":["GET"]}}],"collection":[{"href":"https:\/\/www.glokal.org\/en\/wp-json\/wp\/v2\/pages"}],"about":[{"href":"https:\/\/www.glokal.org\/en\/wp-json\/wp\/v2\/types\/page"}],"author":[{"embeddable":true,"href":"https:\/\/www.glokal.org\/en\/wp-json\/wp\/v2\/users\/101019"}],"replies":[{"embeddable":true,"href":"https:\/\/www.glokal.org\/en\/wp-json\/wp\/v2\/comments?post=5294"}],"version-history":[{"count":0,"href":"https:\/\/www.glokal.org\/en\/wp-json\/wp\/v2\/pages\/5294\/revisions"}],"wp:attachment":[{"href":"https:\/\/www.glokal.org\/en\/wp-json\/wp\/v2\/media?parent=5294"}],"curies":[{"name":"wp","href":"https:\/\/api.w.org\/{rel}","templated":true}]}}