{"id":5310,"date":"2017-12-03T18:12:13","date_gmt":"2017-12-03T18:12:13","guid":{"rendered":"https:\/\/www.glokal.org\/order-brochure-packages\/"},"modified":"2023-06-01T19:36:01","modified_gmt":"2023-06-01T19:36:01","slug":"order-brochure-packages","status":"publish","type":"page","link":"https:\/\/www.glokal.org\/en\/publications\/order-brochure-packages\/","title":{"rendered":"Order brochure packages"},"content":{"rendered":"\n\t\t<style type=\"text\/css\">\n\t\t\t#gallery-1 {\n\t\t\t\tmargin: auto;\n\t\t\t}\n\t\t\t#gallery-1 .gallery-item {\n\t\t\t\tfloat: left;\n\t\t\t\tmargin-top: 10px;\n\t\t\t\ttext-align: center;\n\t\t\t\twidth: 33%;\n\t\t\t}\n\t\t\t#gallery-1 img {\n\t\t\t\tborder: 2px solid #cfcfcf;\n\t\t\t}\n\t\t\t#gallery-1 .gallery-caption {\n\t\t\t\tmargin-left: 0;\n\t\t\t}\n\t\t\t\/* see gallery_shortcode() in wp-includes\/media.php *\/\n\t\t<\/style>\n\t\t<div id='gallery-1' class='gallery galleryid-5310 gallery-columns-3 gallery-size-medium'><dl class='gallery-item'>\n\t\t\t<dt class='gallery-icon landscape'>\n\t\t\t\t<img loading=\"lazy\" decoding=\"async\" width=\"300\" height=\"265\" src=\"https:\/\/www.glokal.org\/wp-content\/uploads\/2017\/12\/Titel_WEB_connecting-the-dots-300x265.jpg\" class=\"attachment-medium size-medium\" alt=\"\" srcset=\"https:\/\/www.glokal.org\/wp-content\/uploads\/2017\/12\/Titel_WEB_connecting-the-dots-300x265.jpg 300w, https:\/\/www.glokal.org\/wp-content\/uploads\/2017\/12\/Titel_WEB_connecting-the-dots-768x680.jpg 768w, https:\/\/www.glokal.org\/wp-content\/uploads\/2017\/12\/Titel_WEB_connecting-the-dots-1024x906.jpg 1024w, https:\/\/www.glokal.org\/wp-content\/uploads\/2017\/12\/Titel_WEB_connecting-the-dots-624x552.jpg 624w\" sizes=\"auto, (max-width: 300px) 100vw, 300px\" \/>\n\t\t\t<\/dt><\/dl><dl class='gallery-item'>\n\t\t\t<dt class='gallery-icon portrait'>\n\t\t\t\t<img loading=\"lazy\" decoding=\"async\" width=\"214\" height=\"300\" src=\"https:\/\/www.glokal.org\/wp-content\/uploads\/2017\/02\/Titelbild_Willkommen-214x300.jpg\" class=\"attachment-medium size-medium\" alt=\"\" srcset=\"https:\/\/www.glokal.org\/wp-content\/uploads\/2017\/02\/Titelbild_Willkommen-214x300.jpg 214w, https:\/\/www.glokal.org\/wp-content\/uploads\/2017\/02\/Titelbild_Willkommen-732x1024.jpg 732w, https:\/\/www.glokal.org\/wp-content\/uploads\/2017\/02\/Titelbild_Willkommen-624x872.jpg 624w, https:\/\/www.glokal.org\/wp-content\/uploads\/2017\/02\/Titelbild_Willkommen.jpg 1984w\" sizes=\"auto, (max-width: 214px) 100vw, 214px\" \/>\n\t\t\t<\/dt><\/dl><dl class='gallery-item'>\n\t\t\t<dt class='gallery-icon portrait'>\n\t\t\t\t<img loading=\"lazy\" decoding=\"async\" width=\"216\" height=\"300\" src=\"https:\/\/www.glokal.org\/wp-content\/uploads\/2016\/10\/M\u00e4rchenbrosch\u00fcre_Titelblatt-216x300.jpg\" class=\"attachment-medium size-medium\" alt=\"\" srcset=\"https:\/\/www.glokal.org\/wp-content\/uploads\/2016\/10\/M\u00e4rchenbrosch\u00fcre_Titelblatt-216x300.jpg 216w, https:\/\/www.glokal.org\/wp-content\/uploads\/2016\/10\/M\u00e4rchenbrosch\u00fcre_Titelblatt-739x1024.jpg 739w, https:\/\/www.glokal.org\/wp-content\/uploads\/2016\/10\/M\u00e4rchenbrosch\u00fcre_Titelblatt-624x864.jpg 624w\" sizes=\"auto, (max-width: 216px) 100vw, 216px\" \/>\n\t\t\t<\/dt><\/dl><br style=\"clear: both\" \/>\n\t\t<\/div>\n\n<p><a href=\"https:\/\/www.glokal.org\/wp-content\/uploads\/2013\/09\/MitkolonialenGruessen_2013_front-cover.gif\"><img loading=\"lazy\" decoding=\"async\" class=\"aligncenter size-full wp-image-998\" src=\"https:\/\/www.glokal.org\/wp-content\/uploads\/2013\/09\/MitkolonialenGruessen_2013_front-cover.gif\" alt=\"\" width=\"807\" height=\"288\" srcset=\"https:\/\/www.glokal.org\/wp-content\/uploads\/2013\/09\/MitkolonialenGruessen_2013_front-cover.gif 807w, https:\/\/www.glokal.org\/wp-content\/uploads\/2013\/09\/MitkolonialenGruessen_2013_front-cover-300x107.gif 300w, https:\/\/www.glokal.org\/wp-content\/uploads\/2013\/09\/MitkolonialenGruessen_2013_front-cover-624x222.gif 624w\" sizes=\"auto, (max-width: 807px) 100vw, 807px\" \/><\/a><\/p>\n\n<div class=\"wpcf7 no-js\" id=\"wpcf7-f5395-o1\" lang=\"en-US\" dir=\"ltr\" data-wpcf7-id=\"5395\">\n<div class=\"screen-reader-response\"><p role=\"status\" aria-live=\"polite\" aria-atomic=\"true\"><\/p> <ul><\/ul><\/div>\n<form action=\"\/en\/wp-json\/wp\/v2\/pages\/5310#wpcf7-f5395-o1\" method=\"post\" class=\"wpcf7-form init\" aria-label=\"Contact form\" novalidate=\"novalidate\" data-status=\"init\">\n<fieldset class=\"hidden-fields-container\"><input type=\"hidden\" name=\"_wpcf7\" value=\"5395\" \/><input type=\"hidden\" name=\"_wpcf7_version\" value=\"6.1.5\" \/><input type=\"hidden\" name=\"_wpcf7_locale\" value=\"en_US\" \/><input type=\"hidden\" name=\"_wpcf7_unit_tag\" value=\"wpcf7-f5395-o1\" \/><input type=\"hidden\" name=\"_wpcf7_container_post\" value=\"0\" \/><input type=\"hidden\" name=\"_wpcf7_posted_data_hash\" value=\"\" \/>\n<\/fieldset>\n<p><strong>Four glokal-print brochures (Mit kolonialen Gr\u00fc\u00dfen, Das M\u00e4rchen von der Augenh\u00f6he, Willkommen ohne Paternalismus, Connecting the Dots) for 28\u20ac instead of 39,80\u20ac plus. 4\u20ac shipping cost<\/strong><br \/>\n<span class=\"wpcf7-form-control-wrap\" data-name=\"Broschueren-Paket-Gross\"><span class=\"wpcf7-form-control wpcf7-checkbox\"><span class=\"wpcf7-list-item first last\"><input type=\"checkbox\" name=\"Broschueren-Paket-Gross[]\" value=\"Alle vier glokal-print-Brosch\u00fcren\" \/><span class=\"wpcf7-list-item-label\">Alle vier glokal-print-Brosch\u00fcren<\/span><\/span><\/span><\/span>\n<\/p>\n<p><strong>Two of the three \"big\" brochures for 18\u20ac instead of 22\u20ac plus. 3,50\u20ac shipping cost.<\/strong><br \/>\nSimply select two brochures:<br \/>\n<span class=\"wpcf7-form-control-wrap\" data-name=\"Broschueren-Paket-Klein\"><span class=\"wpcf7-form-control wpcf7-checkbox\"><span class=\"wpcf7-list-item first\"><label><input type=\"checkbox\" name=\"Broschueren-Paket-Klein[]\" value=\"Connecting the Dots. Lernen aus Geschichte(n) zu Unterdr\u00fcckung und Widerstand\" \/><span class=\"wpcf7-list-item-label\">Connecting the Dots. Lernen aus Geschichte(n) zu Unterdr\u00fcckung und Widerstand<\/span><\/label><\/span><span class=\"wpcf7-list-item\"><label><input type=\"checkbox\" name=\"Broschueren-Paket-Klein[]\" value=\"Willkommen ohne Paternalismus Hilfe und Solidarit\u00e4t in der Unterst\u00fctzungsarbeit\" \/><span class=\"wpcf7-list-item-label\">Willkommen ohne Paternalismus Hilfe und Solidarit\u00e4t in der Unterst\u00fctzungsarbeit<\/span><\/label><\/span><span class=\"wpcf7-list-item last\"><label><input type=\"checkbox\" name=\"Broschueren-Paket-Klein[]\" value=\"Das M\u00e4rchen von der Augenh\u00f6he. Macht und Solidarit\u00e4t in Nord-S\u00fcd-Partnerschaften\" \/><span class=\"wpcf7-list-item-label\">Das M\u00e4rchen von der Augenh\u00f6he. Macht und Solidarit\u00e4t in Nord-S\u00fcd-Partnerschaften<\/span><\/label><\/span><\/span><\/span>\n<\/p>\n<h4>Billing address\n<\/h4>\n<p><label>Name: <\/label><span class=\"wpcf7-form-control-wrap\" data-name=\"l_name\"><input size=\"40\" maxlength=\"400\" class=\"wpcf7-form-control wpcf7-text wpcf7-validates-as-required\" aria-required=\"true\" aria-invalid=\"false\" placeholder=\"Name\" value=\"\" type=\"text\" name=\"l_name\" \/><\/span>\n<\/p>\n<p><label>First name: <\/label><span class=\"wpcf7-form-control-wrap\" data-name=\"l_vorname\"><input size=\"40\" maxlength=\"400\" class=\"wpcf7-form-control wpcf7-text wpcf7-validates-as-required\" aria-required=\"true\" aria-invalid=\"false\" placeholder=\"Vorname\" value=\"\" type=\"text\" name=\"l_vorname\" \/><\/span>\n<\/p>\n<p><label>Organization: <\/label><span class=\"wpcf7-form-control-wrap\" data-name=\"l_organisation\"><input size=\"40\" maxlength=\"400\" class=\"wpcf7-form-control wpcf7-text\" aria-invalid=\"false\" placeholder=\"Organisation\" value=\"\" type=\"text\" name=\"l_organisation\" \/><\/span>\n<\/p>\n<p><label>Street, No.: <\/label><span class=\"wpcf7-form-control-wrap\" data-name=\"l_strasse\"><input size=\"40\" maxlength=\"400\" class=\"wpcf7-form-control wpcf7-text wpcf7-validates-as-required\" aria-required=\"true\" aria-invalid=\"false\" placeholder=\"Stra\u00dfe, Hausnr.\" value=\"\" type=\"text\" name=\"l_strasse\" \/><\/span>\n<\/p>\n<p><label>Zip code, city: <\/label><span class=\"wpcf7-form-control-wrap\" data-name=\"l_ort\"><input size=\"40\" maxlength=\"400\" class=\"wpcf7-form-control wpcf7-text wpcf7-validates-as-required\" aria-required=\"true\" aria-invalid=\"false\" placeholder=\"PLZ, Ort\" value=\"\" type=\"text\" name=\"l_ort\" \/><\/span>\n<\/p>\n<p><label>E-mail address:<\/label><span class=\"wpcf7-form-control-wrap\" data-name=\"your-email\"><input size=\"40\" maxlength=\"400\" class=\"wpcf7-form-control wpcf7-email wpcf7-validates-as-required wpcf7-text wpcf7-validates-as-email\" aria-required=\"true\" aria-invalid=\"false\" value=\"\" type=\"email\" name=\"your-email\" \/><\/span>\n<\/p>\n<p>Notes:\n<\/p>\n<p><span class=\"wpcf7-form-control-wrap\" data-name=\"kommentar\"><textarea cols=\"40\" rows=\"10\" maxlength=\"2000\" class=\"wpcf7-form-control wpcf7-textarea\" aria-invalid=\"false\" name=\"kommentar\"><\/textarea><\/span>\n<\/p>\n<p><input class=\"wpcf7-form-control wpcf7-submit has-spinner\" type=\"submit\" value=\"Send\" \/>\n<\/p><input type='hidden' class='wpcf7-pum' value='{\"closepopup\":false,\"closedelay\":0,\"openpopup\":false,\"openpopup_id\":0}' \/><div class=\"wpcf7-response-output\" aria-hidden=\"true\"><\/div>\n<\/form>\n<\/div>\n\n","protected":false},"excerpt":{"rendered":"","protected":false},"author":3,"featured_media":0,"parent":5327,"menu_order":0,"comment_status":"closed","ping_status":"closed","template":"","meta":{"give_campaign_id":0,"_uag_custom_page_level_css":"","footnotes":""},"class_list":["post-5310","page","type-page","status-publish","hentry"],"campaignId":"","uagb_featured_image_src":{"full":false,"thumbnail":false,"medium":false,"medium_large":false,"large":false,"1536x1536":false,"2048x2048":false,"post-thumbnail":false},"uagb_author_info":{"display_name":"steffi","author_link":"https:\/\/www.glokal.org\/en\/author\/steffi\/"},"uagb_comment_info":0,"uagb_excerpt":null,"_links":{"self":[{"href":"https:\/\/www.glokal.org\/en\/wp-json\/wp\/v2\/pages\/5310","targetHints":{"allow":["GET"]}}],"collection":[{"href":"https:\/\/www.glokal.org\/en\/wp-json\/wp\/v2\/pages"}],"about":[{"href":"https:\/\/www.glokal.org\/en\/wp-json\/wp\/v2\/types\/page"}],"author":[{"embeddable":true,"href":"https:\/\/www.glokal.org\/en\/wp-json\/wp\/v2\/users\/3"}],"replies":[{"embeddable":true,"href":"https:\/\/www.glokal.org\/en\/wp-json\/wp\/v2\/comments?post=5310"}],"version-history":[{"count":1,"href":"https:\/\/www.glokal.org\/en\/wp-json\/wp\/v2\/pages\/5310\/revisions"}],"predecessor-version":[{"id":5396,"href":"https:\/\/www.glokal.org\/en\/wp-json\/wp\/v2\/pages\/5310\/revisions\/5396"}],"up":[{"embeddable":true,"href":"https:\/\/www.glokal.org\/en\/wp-json\/wp\/v2\/pages\/5327"}],"wp:attachment":[{"href":"https:\/\/www.glokal.org\/en\/wp-json\/wp\/v2\/media?parent=5310"}],"curies":[{"name":"wp","href":"https:\/\/api.w.org\/{rel}","templated":true}]}}