{"id":5320,"date":"2017-12-03T15:35:24","date_gmt":"2017-12-03T15:35:24","guid":{"rendered":"https:\/\/www.glokal.org\/order-the-brochure-connecting-the-dots\/"},"modified":"2017-12-03T15:35:24","modified_gmt":"2017-12-03T15:35:24","slug":"order-the-brochure-connecting-the-dots","status":"publish","type":"page","link":"https:\/\/www.glokal.org\/en\/order-the-brochure-connecting-the-dots\/","title":{"rendered":"Order the brochure &#8220;Connecting the Dots"},"content":{"rendered":"\n<div class=\"wpcf7 no-js\" id=\"wpcf7-f2987-o1\" lang=\"en-US\" dir=\"ltr\" data-wpcf7-id=\"2987\">\n<div class=\"screen-reader-response\"><p role=\"status\" aria-live=\"polite\" aria-atomic=\"true\"><\/p> <ul><\/ul><\/div>\n<form action=\"\/en\/wp-json\/wp\/v2\/pages\/5320#wpcf7-f2987-o1\" method=\"post\" class=\"wpcf7-form init\" aria-label=\"Contact form\" novalidate=\"novalidate\" data-status=\"init\">\n<fieldset class=\"hidden-fields-container\"><input type=\"hidden\" name=\"_wpcf7\" value=\"2987\" \/><input type=\"hidden\" name=\"_wpcf7_version\" value=\"6.1.5\" \/><input type=\"hidden\" name=\"_wpcf7_locale\" value=\"en_US\" \/><input type=\"hidden\" name=\"_wpcf7_unit_tag\" value=\"wpcf7-f2987-o1\" \/><input type=\"hidden\" name=\"_wpcf7_container_post\" value=\"0\" \/><input type=\"hidden\" name=\"_wpcf7_posted_data_hash\" value=\"\" \/>\n<\/fieldset>\n<h4>Rechnungsadresse\n<\/h4>\n<p><label>Name: <\/label><span class=\"wpcf7-form-control-wrap\" data-name=\"l_name\"><input size=\"40\" maxlength=\"400\" class=\"wpcf7-form-control wpcf7-text wpcf7-validates-as-required\" aria-required=\"true\" aria-invalid=\"false\" placeholder=\"Name\" value=\"\" type=\"text\" name=\"l_name\" \/><\/span>\n<\/p>\n<p><label>Vorname: <\/label><span class=\"wpcf7-form-control-wrap\" data-name=\"l_vorname\"><input size=\"40\" maxlength=\"400\" class=\"wpcf7-form-control wpcf7-text wpcf7-validates-as-required\" aria-required=\"true\" aria-invalid=\"false\" placeholder=\"Vorname\" value=\"\" type=\"text\" name=\"l_vorname\" \/><\/span>\n<\/p>\n<p><label>Organisation: <\/label><span class=\"wpcf7-form-control-wrap\" data-name=\"l_organisation\"><input size=\"40\" maxlength=\"400\" class=\"wpcf7-form-control wpcf7-text\" aria-invalid=\"false\" placeholder=\"Organisation\" value=\"\" type=\"text\" name=\"l_organisation\" \/><\/span>\n<\/p>\n<p><label>Stra\u00dfe, Hausnr.: <\/label><span class=\"wpcf7-form-control-wrap\" data-name=\"l_strasse\"><input size=\"40\" maxlength=\"400\" class=\"wpcf7-form-control wpcf7-text wpcf7-validates-as-required\" aria-required=\"true\" aria-invalid=\"false\" placeholder=\"Stra\u00dfe, Hausnr.\" value=\"\" type=\"text\" name=\"l_strasse\" \/><\/span>\n<\/p>\n<p><label>PLZ, Ort: <\/label><span class=\"wpcf7-form-control-wrap\" data-name=\"l_ort\"><input size=\"40\" maxlength=\"400\" class=\"wpcf7-form-control wpcf7-text wpcf7-validates-as-required\" aria-required=\"true\" aria-invalid=\"false\" placeholder=\"PLZ, Ort\" value=\"\" type=\"text\" name=\"l_ort\" \/><\/span>\n<\/p>\n<p><label>E-Mail-Adresse:<\/label><span class=\"wpcf7-form-control-wrap\" data-name=\"your-email\"><input size=\"40\" maxlength=\"400\" class=\"wpcf7-form-control wpcf7-email wpcf7-validates-as-required wpcf7-text wpcf7-validates-as-email\" aria-required=\"true\" aria-invalid=\"false\" value=\"\" type=\"email\" name=\"your-email\" \/><\/span>\n<\/p>\n<p><label>Anzahl: <\/label><span class=\"wpcf7-form-control-wrap\" data-name=\"anzahl\"><input size=\"40\" maxlength=\"400\" class=\"wpcf7-form-control wpcf7-text wpcf7-validates-as-required\" aria-required=\"true\" aria-invalid=\"false\" placeholder=\"Anzahl\" value=\"\" type=\"text\" name=\"anzahl\" \/><\/span>\n<\/p>\n<p>Die Schutzgeb\u00fchr f\u00fcr die 136-seitige Brosch\u00fcre betr\u00e4gt 12\u20ac\/St\u00fcck, ab 10 Exemplaren 10\u20ac\/St\u00fcck. Mit dem politischen Preis ab 15\u20ac\/St\u00fcck wird die Arbeit von glokal e.V. unterst\u00fctzt.\n<\/p>\n<p>Die anfallenden Versandkosten werden zus\u00e4tzlich wie folgt berechnet: 1 Brosch\u00fcren 2,50\u20ac; 2-3 St\u00fcck 3,50\u20ac; 4-6 Brosch\u00fcren 6\u20ac, 7-10 Brosch\u00fcren 10\u20ac.\n<\/p>\n<p>Anmerkungen: (Hier k\u00f6nnen Sie uns auch mitteilen, wenn Sie die Arbeit von glokal mit dem politischen Preis unterst\u00fctzen wollen.)\n<\/p>\n<p><span class=\"wpcf7-form-control-wrap\" data-name=\"kommentar\"><textarea cols=\"40\" rows=\"10\" maxlength=\"2000\" class=\"wpcf7-form-control wpcf7-textarea\" aria-invalid=\"false\" name=\"kommentar\"><\/textarea><\/span>\n<\/p>\n<p><input class=\"wpcf7-form-control wpcf7-submit has-spinner\" type=\"submit\" value=\"Senden\" \/>\n<\/p><input type='hidden' class='wpcf7-pum' value='{\"closepopup\":false,\"closedelay\":0,\"openpopup\":false,\"openpopup_id\":0}' \/><div class=\"wpcf7-response-output\" aria-hidden=\"true\"><\/div>\n<\/form>\n<\/div>\n\n","protected":false},"excerpt":{"rendered":"","protected":false},"author":3,"featured_media":0,"parent":0,"menu_order":0,"comment_status":"closed","ping_status":"closed","template":"","meta":{"give_campaign_id":0,"_uag_custom_page_level_css":"","footnotes":""},"class_list":["post-5320","page","type-page","status-publish","hentry"],"campaignId":"","uagb_featured_image_src":{"full":false,"thumbnail":false,"medium":false,"medium_large":false,"large":false,"1536x1536":false,"2048x2048":false,"post-thumbnail":false},"uagb_author_info":{"display_name":"steffi","author_link":"https:\/\/www.glokal.org\/en\/author\/steffi\/"},"uagb_comment_info":0,"uagb_excerpt":null,"_links":{"self":[{"href":"https:\/\/www.glokal.org\/en\/wp-json\/wp\/v2\/pages\/5320","targetHints":{"allow":["GET"]}}],"collection":[{"href":"https:\/\/www.glokal.org\/en\/wp-json\/wp\/v2\/pages"}],"about":[{"href":"https:\/\/www.glokal.org\/en\/wp-json\/wp\/v2\/types\/page"}],"author":[{"embeddable":true,"href":"https:\/\/www.glokal.org\/en\/wp-json\/wp\/v2\/users\/3"}],"replies":[{"embeddable":true,"href":"https:\/\/www.glokal.org\/en\/wp-json\/wp\/v2\/comments?post=5320"}],"version-history":[{"count":0,"href":"https:\/\/www.glokal.org\/en\/wp-json\/wp\/v2\/pages\/5320\/revisions"}],"wp:attachment":[{"href":"https:\/\/www.glokal.org\/en\/wp-json\/wp\/v2\/media?parent=5320"}],"curies":[{"name":"wp","href":"https:\/\/api.w.org\/{rel}","templated":true}]}}