{"id":5339,"date":"2012-06-01T11:11:14","date_gmt":"2012-06-01T11:11:14","guid":{"rendered":"https:\/\/www.glokal.org\/publications\/from-glocal-members\/"},"modified":"2012-06-01T11:11:14","modified_gmt":"2012-06-01T11:11:14","slug":"from-glocal-members","status":"publish","type":"page","link":"https:\/\/www.glokal.org\/en\/publications\/from-glocal-members\/","title":{"rendered":"From glocal members"},"content":{"rendered":"<p>***This page is currently under construction***<\/p>\n<p><strong>2022<\/strong><\/p>\n<p>Carolin Philipp (2022): <a href=\"https:\/\/www.partizipativ-erinnern.de\/fileadmin\/user_upload\/pdf\/2022_Partizipativ-Erinnern.pdf\" target=\"_blank\" rel=\"noreferrer noopener\">Globality in Remembering.<\/a> In: Stephan Bundschuh, Ansgar Dr\u00fccker, Judith Hilgers, Timo Vo\u00dfberg, Eren Y\u0131ld\u0131r\u0131m Yetkin (eds.) (2022): partizipativ.erinnern. Practices &#8211; Research &#8211; Discourses. An inventory. D\u00fcsseldorf: Informations- und Dokumentationszentrum f\u00fcr Antirassismusarbeit, pp. 83-87.<\/p>\n<p><strong>2020<\/strong><\/p>\n<p>Tahir Della (2020):  <a href=\"https:\/\/www.deutschlandfunkkultur.de\/kolonialgeschichte-der-lange-weg-zur-aufarbeitung.2950.de.html?dram:article_id=467272\">Colonial History. The long road to recovery.<\/a>  Interview on Deutschlandfunk 06.01.2020<\/p>\n<p><strong>2021<\/strong><\/p>\n<p>Carolin Philipp (2021): <a href=\"https:\/\/globalerinnern.org\/wp-content\/uploads\/2023\/02\/2021_Philipp_Globale_Geschichte-compressed.pdf\" target=\"_blank\" rel=\"noreferrer noopener\">Global History(s) for the Future<\/a>. In: Stephanie Endter, Nora Landkammer, Karin Schneider:  <em><a href=\"https:\/\/publikationen.zhdk.ch\/?product=das-museum-verlernen-band-2\" target=\"_blank\" rel=\"noreferrer noopener\">Unlearn the museum? Coloniality and mediation in ethnological museums<\/a>.<\/em>  Vienna: Zaglossus. S. 225-249.<\/p>\n<p><strong>2018<\/strong><\/p>\n<p>Do\u011fan Akhanl\u0131 (2018): <a href=\"https:\/\/faustkultur.de\/literatur-portraets\/deutschland-als-transnationaler-gedaechtnisraum\/\">Germany as a transnational memory space.<\/a> Published in: Arrest in Grandada. Cologne: Kiepenheuer &amp; Witsch.<\/p>\n<p><strong>2016<\/strong><\/p>\n<p><a href=\"http:\/\/www.darkmatter101.org\/site\/2016\/04\/02\/sustaining-inequality-%E2%80%93-the-neocolonial-politics-of-development-education-north-south-volunteering-and-fair-trade-in-germany\/\" target=\"_blank\" rel=\"noopener\">Sustaining Inequality &#8211; The Neocolonial Politics of Development Education, North-South Volunteering and Fair Trade in Germany<\/a> in: Darkmatter, 2.4.2016<\/p>\n<p><strong>Before 2016<\/strong><\/p>\n<p>&#8216;Africa&#8217; in Adult Political Education in Germany [\/edmc]. In: Kursiv &#8211; Journal f\u00fcr politische Bildung 3, 2007, 74-80.<\/p>\n<p>Poverty alleviation as a business purpose. Fair trade, development cooperation and criticism of racism.[\/edmc]  In: Berliner Entwicklungspolitischer Ratschlag (ed.): Develop-mental turn. New contributions to development education and project work critical of racism, Berlin, 50-54. In English. En espanol.<\/p>\n<p>In the footsteps of colonial power. A genealogical dispositif analysis of development policy. In: Franke, Ulrich and Ulrich Roos (eds.) 2013: Reconstructive Methods in World Politics Research. Examples of application and development trends, Baden-Baden: Nomos, 181-218.<\/p>\n<p>The Big Five as dangerous as ever: German development cooperation, colonial-racist imagery, and civil society&#8217;s response.[\/edmc]  In: Critical Literacy: Theories and Practices 7:2 2013.<\/p>\n<p>Education for sustainable inequality? A postcolonial analysis of development education materials.[\/edmc]  In: Berliner Entwicklungspolitischer Ratschlag (ed.): Develop-mental turn. New Contributions to Development Education and Project Work Critical of Racism, Berlin, 50-54.<\/p>\n<p><a href=\"http:\/\/www.freitext.com\/index.php?heft=19&amp;text=es2\" target=\"_blank\" rel=\"noopener\">The Trauma of Guilt or: How to Think Colonial History in a Postcolonial Germany of Today?  <\/a>Writing talk by Carolin Philipp (filmmaker, Berlin) and Peggy Piesche (literary scholar, New York). In: &#8220;freitext&#8221; 4\/2012.<\/p>\n<p>The volunteer is queen. A power-critical look at the weltw\u00e4rts volunteer program.[\/edmc]  In: Berliner Entwicklungspolitischer Ratschlag (ed.): Develop-mental turn. New contributions to development education and project work critical of racism, Berlin, 86-88.<\/p>\n<p><a href=\"http:\/\/jungle-world.com\/artikel\/2011\/06\/42595.html\" target=\"_blank\" rel=\"noopener\">They are different from us. Migrant hunger strike in Greece.<\/a>  In: jungleworld 6\/2011.<\/p>\n<p><a href=\"http:\/\/jungle-world.com\/artikel\/2012\/39\/46265.html\" target=\"_blank\" rel=\"noopener\">Reclaiming the Road<\/a>. In: jungleworld 39\/2012.<\/p>\n<p><a href=\"http:\/\/africasacountry.com\/do-the-rusty-radiator-awards-make-a-difference\/\" target=\"_blank\" rel=\"noopener\">Do the Rusty Radiator Awards make a difference?<\/a>. On: <a href=\"http:\/\/africasacountry.com\" target=\"_blank\" rel=\"noopener\">Africasacountry<\/a>. (28.1.2015)<\/p>\n<p>discover \/ discovery \/ discoverer \/ journey of discovery [\/edmc]. In: Arndt, Susan &amp; Ofuatey-Alazard, Nadja (eds.) 2011: How Racism Speaks from Words. (K)Erben des Kolonialismus im Wissensarchiv deutscher Sprache. A Critical Reference Work, M\u00fcnster, 264-268.<\/p>\n<p>Development\/Development Aid\/Development Policy\/Developing Country [\/edmc]. In: Arndt, Susan &amp; Ofuatey-Alazard, Nadja (eds.) 2011: How Racism Speaks from Words. (K)Erben des Kolonialismus im Wissensarchiv deutscher Sprache. A Critical Reference Work, M\u00fcnster, 272-278.<\/p>\n<p>&#8216;Exoticism&#8217;. In: Arndt, Susan &amp; Ofuatey-Alazard, Nadja (eds.) 2011: How Racism Speaks from Words. (K)Erben des Kolonialismus im Wissensarchiv deutscher Sprache. A Critical Reference Work, M\u00fcnster, 633.<\/p>\n<p>&#8216;Exoticism&#8217;. &#8220;Get into the mystery &#8230;&#8221;[\/edmc]. In: ROSA &#8211; The Journal of Gender Studies, No. 40, 2010, 4-7.<\/p>\n<p>Greece&#8217;s Right on the Rise[\/edmc]. In: der rechte rand, 137\/2012.<\/p>\n<p>I help, you help, &#8230;they are helped. The voluntary service weltw\u00e4rts reproduces old familiar structures [\/edmc]. In: iz3w 323, 2010, 40-42.<\/p>\n<p><a href=\"http:\/\/www.gen-ethisches-netzwerk.de\/gid\/217\/susanne\/implantierte-verh%C3%BCtung\">Implanted contraception<\/a>. In: Gene Ethics Information Service (GID), 217\/2013, 17-19.<\/p>\n<p><a href=\"http:\/\/www.tandfonline.com\/doi\/full\/10.1080\/21624887.2013.850223#.Us56Z_sfZxk\" target=\"_blank\" rel=\"noopener\">(In)Security in postcolonial development education in Germany<\/a>. In: Critical Studies on Security 1:3, 2013, 352-354.<\/p>\n<p>International Volunteering and Development &#8211; Learning to be a Global Citizen[\/edmc] &#8211; Conference session report from the 2014 EADI General Conference, session organized by the &#8220;Global learning meets development&#8221; working group &#8211; Published in Voluntaris, 2014.<\/p>\n<p><a href=\"http:\/\/africavenir.com\/news\/2007\/11\/1642\/africavenir-e-journal-african-reflections\" target=\"_blank\" rel=\"noopener\">Interview with Prof. Dr. Susan Arndt: A Conversation on Critical Whiteness Studies in Germany.<\/a>  In: african reflections. eJournal of AfricAvenir international e.V., October 2007.<\/p>\n<p>Local and cosmopolitan bodies. Maternal Health, German Interventions, and Hierarchies in Tanzania [\/edmc]. In: Arranca! 43, 2010, 32-34.<\/p>\n<p>In the middle of the school atlas. A critique of the exhibition &#8220;The Third World in World War II [\/edmc]. In: iz3w &#8211; Third World Information Center, No. 316, 2010, 20-23.<\/p>\n<p>&#8216;New World&#8217;. In: Arndt, Susan &amp; Ofuatey-Alazard, Nadja (eds.) 2011: How Racism Speaks from Words. (K)Erben des Kolonialismus im Wissensarchiv deutscher Sprache. A Critical Reference Work, M\u00fcnster, 695.<\/p>\n<p>PERIPHERAL keyword post(-)colonial [\/edmc]. In: PERIPHERIE &#8211; Journal of Third World Economics and Politics 120, 2010, 487-481.<\/p>\n<p>Powered by YOU? A critical analysis of racism in development policy fundraising[\/edmc] In: Berliner Entwicklungspolitischer Ratschlag (ed.): Develop-mental turn. New Contributions to Development Education and Project Work Critical of Racism, Berlin, 50-54.<\/p>\n<p><a href=\"http:\/\/weranderneinenbrunnengraebt.wordpress.com\/2012\/07\/17\/reverse-heist-umgekehrt\/\" target=\"_blank\" rel=\"noopener\">Reverse means the other way around.<\/a>  In: Berliner Entwicklungspolitischer Ratschlag (ed.): Wer anderen einen Brunnen gr\u00e4bt. Critique of Racism \/\/ Empowerment \/\/ Global Context, Berlin<\/p>\n<p><a href=\"http:\/\/jungle-world.com\/artikel\/2012\/17\/45328.html\" target=\"_blank\" rel=\"noopener\">Only the others are to blame. Nationalism and repression against leftists and migrants.<\/a>  In: jungleworld 17\/2012.<\/p>\n<p>Statists of their own everyday life. Township Tours in Cape Town as a Challenge to Tourism Criticism.[\/edmc]In: Iz3w &#8211; Third World Information Center: Discover, Conquer, Recreate &#8211; (Post-) Colonial Travel Images, No. 291, 2006, 37-39.<\/p>\n<p><a href=\"http:\/\/www.internationale-wochen-gegen-rassismus.de\/materialien\/materialheft\/\" target=\"_blank\" rel=\"noopener\">&#8220;Sharing says nothing about shares&#8221; &#8211; The construction of whiteness and blackness on posters of &#8220;aid organizations&#8221;<\/a>. In: Material Booklet International Weeks Against Racism. (Ed.) Intercultural Council in Germany, 2012.<\/p>\n<p>&#8216;Tropical Medicine&#8217;. In: Arndt, Susan &amp; Ofuatey-Alazard, Nadja (eds.) 2011: How Racism Speaks from Words. (K)Erben des Kolonialismus im Wissensarchiv deutscher Sprache. A Critical Reference Work, M\u00fcnster, 670.<\/p>\n<p><a href=\"http:\/\/www.waxmann.com\/index.php?id=zeitschriftendetails&amp;no_cache=1&amp;eID=download&amp;id_artikel=ART101266&amp;uid=frei\" target=\"_blank\" rel=\"noopener\">Superiority thinking does not fall from the sky. Postcolonial perspectives on global learning and education for sustainable development.<\/a>  In: ZEP -Journal of International Educational Research and Development Education: 36th Year, No.1, pp. 26-33.<\/p>\n<p>Who starts with second. Education for sustainable development can transmit knowledge of power [\/edmc]. In: iz3w &#8211; Informationszentrum Dirtte Welt, No. 329, 2012.<\/p>\n<p><a href=\"http:\/\/www.whitecharity.de\" target=\"_blank\" rel=\"noopener\">white charity &#8211; blackness and whiteness on posters of fundraising organizations<\/a>. Documentary film, 2011.<\/p>\n<p>How White is the Ivory Tower? Racism in Science[\/edmc]. In: arranca! No. 37, 2007, 42-44.<\/p>\n<p>The White Representation of &#8216;Africa&#8217; in the German Public Sphere. How a continent is standardized, deformed and obscured [\/edmc]. In: ak &#8211; analyse &amp; kritik. Journal of Left Debate and Practice 520, Sept. 21. 2007, 9.<\/p>\n<p>&#8220;We Liberate Worldwide!&#8221; Criticism of Racism and Development Fundraising [\/edmc]. In: DZI Donations Almanac 2014, October 2014, 10-24.<\/p>\n<p><a href=\"http:\/\/jungle-world.com\/artikel\/2010\/19\/40907.html\" target=\"_blank\" rel=\"noopener\">In the wrong place at the wrong time? After the death of the three bank employees, the anarchist movement in Athens discusses militancy.<\/a>  In: jungleworld 19\/2010.<\/p>\n<h3><span style=\"color: #888888;\">Reviews<\/span><\/h3>\n<p>Review of Adibeli Nduka-Agwu and Antje Lann Hornscheidt (eds.), 2010, Racism in Good German. A critical reference work on racist speech acts.[\/edmc]  PERIPHERY &#8211; Journal of Third World Economics and Politics, 124, 526-529.<\/p>\n<p>Review of Bea Gomes et al (eds), 2008, Racism. A multifaceted phenomenon.  [\/edmc]  In: PERIPHERIE &#8211; Journal of Third World Economics and Politics, 117, 136-140.<\/p>\n<p><a href=\"https:\/\/voluntariszff.files.wordpress.com\/2015\/07\/voluntaris-1-2015-kiesel.pdf\" target=\"_blank\" rel=\"noopener\">Review by Christian Weinert and Ferdinand Carriere, 2014, BLICKWECHSEL &#8211; Views on German Volunteers<\/a>, In: <a href=\"http:\/\/voluntariszff.wordpress.com\/\" target=\"_blank\" rel=\"noopener\">Voluntaris <\/a>Jg 3, 1\/2015. A replica by Christian Weinert can be found <a href=\"https:\/\/voluntariszff.files.wordpress.com\/2015\/12\/2-2015_deb_weinert_final.pdf\" target=\"_blank\" rel=\"noopener\">here<\/a>.<\/p>\n<p>Review of Eske Wollrad, 2005, Whiteness in Contradiction.[\/edmc]  Feminist perspectives on racism, culture, and religion. In: iz3w &#8211; Bl\u00e4tter des Informationszentrums 3. Welt 6, 44.<\/p>\n<p>Review of Ilan Kapoor, 2008, The Postcolonial Politics of Development.  [\/edmc]  In: PERIPHERIE &#8211; Journal of Third World Economics and Politics, 120, 503-505.<\/p>\n<p>Review of Lisa Ann Richey, 2008, Population Politics and Development. From the Policies to the Clinics.[\/edmc]  In: PERIPHERIE &#8211; Journal of Third World Economics and Politics, 118\/119, 371-374.<\/p>\n<p><a title=\"From glocal members\" href=\"https:\/\/www.glokal.org\/wp-content\/uploads\/2013\/09\/Bendix_Rezension_Langwick_Bodies-Politics-and-African-Healing.pdf\">Review of Stacey A. Langwick. 2011. Bodies, Politics, and African Healing. The Matter of Maladies in Tanzania.<\/a>  In: PERIPHERIE &#8211; Journal of Third World Economics and Politics 129, 135-138.<\/p>\n<p>&nbsp;<\/p>\n<p>&nbsp;<\/p>\n","protected":false},"excerpt":{"rendered":"<p>***This page is currently under construction*** 2022 Carolin Philipp (2022): Globality in Remembering. In: Stephan Bundschuh, Ansgar Dr\u00fccker, Judith Hilgers, Timo Vo\u00dfberg, Eren Y\u0131ld\u0131r\u0131m Yetkin (eds.) (2022): partizipativ.erinnern. Practices &#8211; Research &#8211; Discourses. An inventory. D\u00fcsseldorf: Informations- und Dokumentationszentrum f\u00fcr Antirassismusarbeit, pp. 83-87. 2020 Tahir Della (2020): Colonial History. The long road to recovery. Interview [&hellip;]<\/p>\n","protected":false},"author":9,"featured_media":0,"parent":5327,"menu_order":7,"comment_status":"closed","ping_status":"open","template":"","meta":{"give_campaign_id":0,"_uag_custom_page_level_css":"","footnotes":""},"class_list":["post-5339","page","type-page","status-publish","hentry"],"campaignId":"","uagb_featured_image_src":{"full":false,"thumbnail":false,"medium":false,"medium_large":false,"large":false,"1536x1536":false,"2048x2048":false,"post-thumbnail":false},"uagb_author_info":{"display_name":"glokal","author_link":"https:\/\/www.glokal.org\/en\/author\/carolin\/"},"uagb_comment_info":0,"uagb_excerpt":"***This page is currently under construction*** 2022 Carolin Philipp (2022): Globality in Remembering. In: Stephan Bundschuh, Ansgar Dr\u00fccker, Judith Hilgers, Timo Vo\u00dfberg, Eren Y\u0131ld\u0131r\u0131m Yetkin (eds.) (2022): partizipativ.erinnern. Practices &#8211; Research &#8211; Discourses. An inventory. D\u00fcsseldorf: Informations- und Dokumentationszentrum f\u00fcr Antirassismusarbeit, pp. 83-87. 2020 Tahir Della (2020): Colonial History. The long road to recovery. Interview&hellip;","_links":{"self":[{"href":"https:\/\/www.glokal.org\/en\/wp-json\/wp\/v2\/pages\/5339","targetHints":{"allow":["GET"]}}],"collection":[{"href":"https:\/\/www.glokal.org\/en\/wp-json\/wp\/v2\/pages"}],"about":[{"href":"https:\/\/www.glokal.org\/en\/wp-json\/wp\/v2\/types\/page"}],"author":[{"embeddable":true,"href":"https:\/\/www.glokal.org\/en\/wp-json\/wp\/v2\/users\/9"}],"replies":[{"embeddable":true,"href":"https:\/\/www.glokal.org\/en\/wp-json\/wp\/v2\/comments?post=5339"}],"version-history":[{"count":0,"href":"https:\/\/www.glokal.org\/en\/wp-json\/wp\/v2\/pages\/5339\/revisions"}],"up":[{"embeddable":true,"href":"https:\/\/www.glokal.org\/en\/wp-json\/wp\/v2\/pages\/5327"}],"wp:attachment":[{"href":"https:\/\/www.glokal.org\/en\/wp-json\/wp\/v2\/media?parent=5339"}],"curies":[{"name":"wp","href":"https:\/\/api.w.org\/{rel}","templated":true}]}}